{"id":1006,"date":"2021-09-18T00:57:43","date_gmt":"2021-09-18T00:57:43","guid":{"rendered":"https:\/\/d-themes.com\/wordpress\/udesign\/dummy\/corporate\/?page_id=1006"},"modified":"2025-10-17T16:39:08","modified_gmt":"2025-10-17T12:39:08","slug":"about-us","status":"publish","type":"page","link":"https:\/\/baitalnokhada.com\/fr\/about-us\/","title":{"rendered":"\u00c0 PROPOS DE NOUS"},"content":{"rendered":"<div data-elementor-type=\"wp-page\" data-elementor-id=\"1006\" class=\"elementor elementor-1006\" data-elementor-post-type=\"page\">\n\t\t\t\t\t\t\t<div class=\"elementor-element elementor-element-cc992d9 e-flex e-con-boxed e-con e-parent\" data-id=\"cc992d9\" data-element_type=\"container\" data-settings=\"{&quot;container_type&quot;:&quot;flex&quot;,&quot;content_width&quot;:&quot;boxed&quot;}\" data-core-v316-plus=\"true\">\n\t\t\t\t\t<div class=\"e-con-inner\">\n\t\t\t\t<div class=\"elementor-element elementor-element-1a5f987 elementor-widget elementor-widget-heading\" data-id=\"1a5f987\" data-element_type=\"widget\" data-widget_type=\"heading.default\">\n\t\t\t\t<div class=\"elementor-widget-container\">\n\t\t\t<style>\/*! elementor - v3.16.0 - 17-10-2023 *\/\n.elementor-heading-title{padding:0;margin:0;line-height:1}.elementor-widget-heading .elementor-heading-title[class*=elementor-size-]>a{color:inherit;font-size:inherit;line-height:inherit}.elementor-widget-heading .elementor-heading-title.elementor-size-small{font-size:15px}.elementor-widget-heading .elementor-heading-title.elementor-size-medium{font-size:19px}.elementor-widget-heading .elementor-heading-title.elementor-size-large{font-size:29px}.elementor-widget-heading .elementor-heading-title.elementor-size-xl{font-size:39px}.elementor-widget-heading .elementor-heading-title.elementor-size-xxl{font-size:59px}<\/style><h2 class=\"elementor-heading-title elementor-size-default\">\u00c0 PROPOS DE BAIT AL NOKHADA<\/h2>\t\t<\/div>\n\t\t\t\t<\/div>\n\t\t\t\t\t<\/div>\n\t\t\t\t<\/div>\n\t\t<div class=\"elementor-element elementor-element-62c1535 e-flex e-con-boxed e-con e-parent\" data-id=\"62c1535\" data-element_type=\"container\" data-settings=\"{&quot;container_type&quot;:&quot;flex&quot;,&quot;content_width&quot;:&quot;boxed&quot;}\" data-core-v316-plus=\"true\">\n\t\t\t\t\t<div class=\"e-con-inner\">\n\t\t\t\t<div class=\"elementor-element elementor-element-2b0a80d elementor-widget elementor-widget-text-editor\" data-id=\"2b0a80d\" data-element_type=\"widget\" data-widget_type=\"text-editor.default\">\n\t\t\t\t<div class=\"elementor-widget-container\">\n\t\t\t<style>\/*! elementor - v3.16.0 - 17-10-2023 *\/\n.elementor-widget-text-editor.elementor-drop-cap-view-stacked .elementor-drop-cap{background-color:#69727d;color:#fff}.elementor-widget-text-editor.elementor-drop-cap-view-framed .elementor-drop-cap{color:#69727d;border:3px solid;background-color:transparent}.elementor-widget-text-editor:not(.elementor-drop-cap-view-default) .elementor-drop-cap{margin-top:8px}.elementor-widget-text-editor:not(.elementor-drop-cap-view-default) .elementor-drop-cap-letter{width:1em;height:1em}.elementor-widget-text-editor .elementor-drop-cap{float:left;text-align:center;line-height:1;font-size:50px}.elementor-widget-text-editor .elementor-drop-cap-letter{display:inline-block}<\/style>\t\t\t\t<h3 data-start=\"250\" data-end=\"305\"><span style=\"font-size: 14pt; color: #000000;\">Votre Fournisseur de Tentes de Confiance aux \u00c9mirats Arabes Unis et en Arabie Saoudite<\/span><\/h3><p data-start=\"307\" data-end=\"637\"><span style=\"font-size: 14pt; color: #000000;\">Depuis plus de 30 ans, Bait Al Nokhada Industries est un fournisseur de tentes de confiance aux \u00c9mirats Arabes Unis (EAU) et en Arabie Saoudite, desservant toute la r\u00e9gion du CCG (Conseil de Coop\u00e9ration du Golfe) avec des syst\u00e8mes de tentes haut de gamme et des structures en aluminium sur mesure. En tant que fabricant de tentes de premier plan \u00e0 Duba\u00ef, nous livrons des tentes durables, innovantes et \u00e9l\u00e9gantes, sp\u00e9cialement con\u00e7ues pour le Moyen-Orient.<\/span><\/p><p data-start=\"639\" data-end=\"660\"><span style=\"font-size: 14pt; color: #000000;\">Nos produits comprennent:<\/span><\/p><ul data-start=\"661\" data-end=\"826\"><li data-start=\"661\" data-end=\"729\"><p data-start=\"663\" data-end=\"729\"><span style=\"font-size: 14pt; color: #000000;\">Tentes pour \u00c9v\u00e9nements et Expositions \u2013 Duba\u00ef, Riyad, Abu Dhabi, Sharjah<\/span><\/p><\/li><li data-start=\"730\" data-end=\"778\"><p data-start=\"732\" data-end=\"778\"><span style=\"font-size: 14pt; color: #000000;\">Tentes Industrielles et d'Entrep\u00f4t \u2013 EAU &amp; Arabie Saoudite<\/span><\/p><\/li><li data-start=\"779\" data-end=\"826\"><p data-start=\"781\" data-end=\"826\"><span style=\"font-size: 14pt; color: #000000;\">Structures en Aluminium Sur Mesure \u2013 R\u00e9gion CCG<\/span><\/p><\/li><\/ul><p data-start=\"828\" data-end=\"1029\"><span style=\"font-size: 14pt; color: #000000;\">Nous sommes l'entreprise de location de tentes incontournable aux \u00c9mirats Arabes Unis (EAU) et en Arabie Saoudite (KSA), reconnue pour sa fiabilit\u00e9, sa pr\u00e9cision et sa performance. Des \u00e9v\u00e9nements aux interventions d'urgence, nos tentes sont con\u00e7ues pour durer dans les climats les plus exigeants.<\/span><\/p><p data-start=\"1031\" data-end=\"1239\"><span style=\"font-size: 14pt; color: #000000;\">Chez Bait Al Nokhada, la qualit\u00e9 et la satisfaction client guident toutes nos actions. Que vous ayez besoin de tentes \u00e0 vendre \u00e0 Duba\u00ef ou de la location de tentes \u00e0 Riyad, notre \u00e9quipe vous assure un service de classe mondiale et une valeur \u00e0 long terme.<\/span><\/p>\t\t\t\t\t\t<\/div>\n\t\t\t\t<\/div>\n\t\t\t\t\t<\/div>\n\t\t\t\t<\/div>\n\t\t<div class=\"elementor-element elementor-element-d6720cc e-flex e-con-boxed e-con e-parent\" data-id=\"d6720cc\" data-element_type=\"container\" data-settings=\"{&quot;container_type&quot;:&quot;flex&quot;,&quot;content_width&quot;:&quot;boxed&quot;}\" data-core-v316-plus=\"true\">\n\t\t\t\t\t<div class=\"e-con-inner\">\n\t\t\t\t<div class=\"elementor-element elementor-element-0f228d7 elementor-widget elementor-widget-image\" data-id=\"0f228d7\" data-element_type=\"widget\" data-widget_type=\"image.default\">\n\t\t\t\t<div class=\"elementor-widget-container\">\n\t\t\t<style>\/*! elementor - v3.16.0 - 17-10-2023 *\/\n.elementor-widget-image{text-align:center}.elementor-widget-image a{display:inline-block}.elementor-widget-image a img[src$=\".svg\"]{width:48px}.elementor-widget-image img{vertical-align:middle;display:inline-block}<\/style>\t\t\t\t\t\t\t\t\t\t\t\t<img decoding=\"async\" width=\"1024\" height=\"576\" src=\"https:\/\/baitalnokhada.com\/wp-content\/uploads\/2025\/10\/Revolution-Tents-UAE-1024x576.png\" class=\"attachment-large size-large wp-image-12796\" alt=\"Am\u00e9nagement d&#039;expositions et d&#039;\u00e9v\u00e9nements \u00e0 Abu Dhabi et aux \u00c9mirats Arabes Unis, avec des designs \u00e9poustouflants et des configurations polyvalentes.\" srcset=\"https:\/\/baitalnokhada.com\/wp-content\/uploads\/2025\/10\/Revolution-Tents-UAE-1024x576.png 1024w, https:\/\/baitalnokhada.com\/wp-content\/uploads\/2025\/10\/Revolution-Tents-UAE-768x432.png 768w, https:\/\/baitalnokhada.com\/wp-content\/uploads\/2025\/10\/Revolution-Tents-UAE-780x440.png 780w, https:\/\/baitalnokhada.com\/wp-content\/uploads\/2025\/10\/Revolution-Tents-UAE-390x220.png 390w\" sizes=\"(max-width: 1024px) 100vw, 1024px\" \/>\t\t\t\t\t\t\t\t\t\t\t\t\t\t\t<\/div>\n\t\t\t\t<\/div>\n\t\t\t\t\t<\/div>\n\t\t\t\t<\/div>\n\t\t\t\t<section class=\"elementor-section elementor-top-section elementor-element elementor-element-e6057b1 elementor-section-boxed elementor-section-height-default elementor-section-height-default\" data-id=\"e6057b1\" data-element_type=\"section\">\r\n\t\t\t\t\t\t\t\t<div class=\"elementor-container elementor-column-gap-default\">\r\n\t\t\t\t\r\n\t\t\t\t\t\t\t\t<div class=\"elementor-column elementor-col-100 elementor-top-column elementor-element elementor-element-32702a5\" data-id=\"32702a5\" data-element_type=\"column\">\r\n\r\n\t\t\t\t\r\n\t\t\t\t<div class=\"elementor-widget-wrap elementor-element-populated\">\r\n\t\t\t\t\t\t\t\t\t\t\r\n\t\t\t\t\t\t<section class=\"elementor-section elementor-inner-section elementor-element elementor-element-2d48fb5 elementor-section-boxed elementor-section-height-default elementor-section-height-default\" data-id=\"2d48fb5\" data-element_type=\"section\">\r\n\t\t\t\t\t\t\t\t<div class=\"elementor-container elementor-column-gap-default\">\r\n\t\t\t\t\r\n\t\t\t\t\t\t\t\t<div class=\"elementor-column elementor-col-50 elementor-inner-column elementor-element elementor-element-06ba837\" data-id=\"06ba837\" data-element_type=\"column\">\r\n\r\n\t\t\t\t\r\n\t\t\t\t<div class=\"elementor-widget-wrap elementor-element-populated\">\r\n\t\t\t\t\t\t\t\t\t\t\r\n\t\t\t\t\t\t<div class=\"elementor-element elementor-element-94283a5 mx-auto elementor-widget__width-initial elementor-invisible elementor-widget elementor-widget-heading\" data-id=\"94283a5\" data-element_type=\"widget\" data-settings=\"{&quot;_animation&quot;:&quot;fadeInUpShorter&quot;,&quot;_animation_delay&quot;:400}\" data-widget_type=\"heading.default\">\n\t\t\t\t<div class=\"elementor-widget-container\">\n\t\t\t<h2 class=\"elementor-heading-title elementor-size-default\">Notre Vision<\/h2>\t\t<\/div>\n\t\t\t\t<\/div>\n\t\t\t\t<div class=\"elementor-element elementor-element-3f9ae26 elementor-widget elementor-widget-text-editor\" data-id=\"3f9ae26\" data-element_type=\"widget\" data-widget_type=\"text-editor.default\">\n\t\t\t\t<div class=\"elementor-widget-container\">\n\t\t\t\t\t\t\t<p style=\"text-align: left;\" data-start=\"672\" data-end=\"1100\"><span style=\"font-size: 14pt; color: #000000;\">Nous visons \u00e0 \u00e9tablir de nouvelles normes en mati\u00e8re d'efficacit\u00e9, de durabilit\u00e9 et de design gr\u00e2ce \u00e0 nos solutions d'abris avanc\u00e9es. En tant que fournisseur de tentes de premier plan aux EAU et en Arabie Saoudite (KSA), notre objectif est d'\u00eatre le choix privil\u00e9gi\u00e9 pour les structures temporaires et permanentes dans tout le CCG. Avec l'innovation et la qualit\u00e9 au c\u0153ur de notre d\u00e9marche, nous continuons \u00e0 construire des structures durables et p\u00e9rennes qui incarnent la confiance et l'excellence \u00e0 travers le Moyen-Orient et au-del\u00e0.<\/span><\/p>\t\t\t\t\t\t<\/div>\n\t\t\t\t<\/div>\n\t\t\t\t\t\t<\/div>\r\n\t\t\t\t<\/div>\r\n\t\t\t\t\t\t\t\t\t<div class=\"elementor-column elementor-col-50 elementor-inner-column elementor-element elementor-element-ea49f0e\" data-id=\"ea49f0e\" data-element_type=\"column\">\r\n\r\n\t\t\t\t\r\n\t\t\t\t<div class=\"elementor-widget-wrap elementor-element-populated\">\r\n\t\t\t\t\t\t\t\t\t\t\r\n\t\t\t\t\t\t<div class=\"elementor-element elementor-element-758617f mx-auto elementor-widget__width-initial elementor-invisible elementor-widget elementor-widget-heading\" data-id=\"758617f\" data-element_type=\"widget\" data-settings=\"{&quot;_animation&quot;:&quot;fadeInUpShorter&quot;,&quot;_animation_delay&quot;:400}\" data-widget_type=\"heading.default\">\n\t\t\t\t<div class=\"elementor-widget-container\">\n\t\t\t<h2 class=\"elementor-heading-title elementor-size-default\">Notre Mission<\/h2>\t\t<\/div>\n\t\t\t\t<\/div>\n\t\t\t\t<div class=\"elementor-element elementor-element-3df34ed elementor-widget elementor-widget-text-editor\" data-id=\"3df34ed\" data-element_type=\"widget\" data-widget_type=\"text-editor.default\">\n\t\t\t\t<div class=\"elementor-widget-container\">\n\t\t\t\t\t\t\t<p style=\"text-align: left;\"><span style=\"font-size: 14pt; color: #000000;\">Notre mission est de red\u00e9finir l'excellence en tant que fournisseur de tentes de confiance aux \u00c9mirats Arabes Unis et leader en solutions d'abri innovantes.\n\nNous livrons des tentes de haute qualit\u00e9 \u00e0 Duba\u00ef, Abu Dhabi et en Arabie Saoudite (KSA), en combinant rapidit\u00e9, fiabilit\u00e9 et durabilit\u00e9. Gr\u00e2ce \u00e0 notre expertise en structures temporaires et en b\u00e2timents pr\u00e9fabriqu\u00e9s, nous fournissons des solutions durables et personnalis\u00e9es qui permettent \u00e0 nos clients de la r\u00e9gion du CCG d'atteindre le succ\u00e8s en toute confiance.<\/span><\/p>\t\t\t\t\t\t<\/div>\n\t\t\t\t<\/div>\n\t\t\t\t\t\t<\/div>\r\n\t\t\t\t<\/div>\r\n\t\t\t\t\t\t\t\t<\/div>\r\n\t\t\t<\/section>\r\n\t\t\t\t\t\t\t<\/div>\r\n\t\t\t\t<\/div>\r\n\t\t\t\t\t\t\t\t<\/div>\r\n\t\t\t<\/section>\r\n\t\t\t\t\t<section class=\"elementor-section elementor-top-section elementor-element elementor-element-fea6d5f elementor-section-boxed elementor-section-height-default elementor-section-height-default\" data-id=\"fea6d5f\" data-element_type=\"section\" data-settings=\"{&quot;background_background&quot;:&quot;classic&quot;}\">\r\n\t\t\t\t\t\t\t\t<div class=\"elementor-container elementor-column-gap-default\">\r\n\t\t\t\t\r\n\t\t\t\t\t\t\t\t<div class=\"elementor-column elementor-col-50 elementor-top-column elementor-element elementor-element-ca56b33\" data-id=\"ca56b33\" data-element_type=\"column\">\r\n\r\n\t\t\t\t\r\n\t\t\t\t<div class=\"elementor-widget-wrap elementor-element-populated\">\r\n\t\t\t\t\t\t\t\t\t\t\r\n\t\t\t\t\t\t<div class=\"elementor-element elementor-element-99a29fe elementor-widget elementor-widget-image\" data-id=\"99a29fe\" data-element_type=\"widget\" data-widget_type=\"image.default\">\n\t\t\t\t<div class=\"elementor-widget-container\">\n\t\t\t\t\t\t\t\t\t\t\t\t\t\t\t<img decoding=\"async\" width=\"1024\" height=\"576\" src=\"https:\/\/baitalnokhada.com\/wp-content\/uploads\/2024\/09\/\u062e\u064a\u0627\u0645-\u0644\u0644\u0628\u064a\u0639-\u0641\u064a-\u0627\u0644\u0625\u0645\u0627\u0631\u0627\u062a-\u0627\u0644\u0633\u0639\u0648\u062f\u064a\u0629-1024x576.webp\" class=\"attachment-large size-large wp-image-11228\" alt=\"Bait Al Nokhada, un fabricant de tentes de premier plan aux EAU, a fourni des tentes de haute qualit\u00e9 pour un \u00e9v\u00e9nement technologique phare, compl\u00e9tant parfaitement son envergure et sa grandeur.\" srcset=\"https:\/\/baitalnokhada.com\/wp-content\/uploads\/2024\/09\/\u062e\u064a\u0627\u0645-\u0644\u0644\u0628\u064a\u0639-\u0641\u064a-\u0627\u0644\u0625\u0645\u0627\u0631\u0627\u062a-\u0627\u0644\u0633\u0639\u0648\u062f\u064a\u0629-1024x576.webp 1024w, https:\/\/baitalnokhada.com\/wp-content\/uploads\/2024\/09\/\u062e\u064a\u0627\u0645-\u0644\u0644\u0628\u064a\u0639-\u0641\u064a-\u0627\u0644\u0625\u0645\u0627\u0631\u0627\u062a-\u0627\u0644\u0633\u0639\u0648\u062f\u064a\u0629-768x432.webp 768w, https:\/\/baitalnokhada.com\/wp-content\/uploads\/2024\/09\/\u062e\u064a\u0627\u0645-\u0644\u0644\u0628\u064a\u0639-\u0641\u064a-\u0627\u0644\u0625\u0645\u0627\u0631\u0627\u062a-\u0627\u0644\u0633\u0639\u0648\u062f\u064a\u0629-780x440.webp 780w, https:\/\/baitalnokhada.com\/wp-content\/uploads\/2024\/09\/\u062e\u064a\u0627\u0645-\u0644\u0644\u0628\u064a\u0639-\u0641\u064a-\u0627\u0644\u0625\u0645\u0627\u0631\u0627\u062a-\u0627\u0644\u0633\u0639\u0648\u062f\u064a\u0629-390x220.webp 390w\" sizes=\"(max-width: 1024px) 100vw, 1024px\" \/>\t\t\t\t\t\t\t\t\t\t\t\t\t\t\t<\/div>\n\t\t\t\t<\/div>\n\t\t\t\t\t\t<\/div>\r\n\t\t\t\t<\/div>\r\n\t\t\t\t\t\t\t\t\t<div class=\"elementor-column elementor-col-50 elementor-top-column elementor-element elementor-element-a97f97b\" data-id=\"a97f97b\" data-element_type=\"column\">\r\n\r\n\t\t\t\t\r\n\t\t\t\t<div class=\"elementor-widget-wrap elementor-element-populated\">\r\n\t\t\t\t\t\t\t\t\t\t\r\n\t\t\t\t\t\t<div class=\"elementor-element elementor-element-632c7ee elementor-widget elementor-widget-heading\" data-id=\"632c7ee\" data-element_type=\"widget\" data-widget_type=\"heading.default\">\n\t\t\t\t<div class=\"elementor-widget-container\">\n\t\t\t<h2 class=\"elementor-heading-title elementor-size-medium\">MESSAGE DU PDG<\/h2>\t\t<\/div>\n\t\t\t\t<\/div>\n\t\t\t\t<div class=\"elementor-element elementor-element-4f62270 elementor-widget elementor-widget-heading\" data-id=\"4f62270\" data-element_type=\"widget\" data-widget_type=\"heading.default\">\n\t\t\t\t<div class=\"elementor-widget-container\">\n\t\t\t<h2 class=\"elementor-heading-title elementor-size-default\">Salutations<\/h2>\t\t<\/div>\n\t\t\t\t<\/div>\n\t\t\t\t<div class=\"elementor-element elementor-element-2d048e0 elementor-widget elementor-widget-text-editor\" data-id=\"2d048e0\" data-element_type=\"widget\" data-widget_type=\"text-editor.default\">\n\t\t\t\t<div class=\"elementor-widget-container\">\n\t\t\t\t\t\t\t<p><span style=\"color: #ffffff; font-size: 14pt;\">Chez Bait Al Nokhada, nous marions fi\u00e8rement le style moderne \u00e0 nos riches traditions royales. Chaque produit que nous concevons est inspir\u00e9 par la tradition, refl\u00e9tant notre engagement envers les produits de haute qualit\u00e9 et les tentes haut de gamme qui \u00e9tablissent la r\u00e9f\u00e9rence dans l'industrie des tentes.<\/span><\/p><p><span style=\"color: #ffffff; font-size: 14pt;\">Notre mission est simple : livrer des tentes de luxe et des structures d'ombrage qui allient \u00e9l\u00e9gance, durabilit\u00e9 et innovation. Au fil des ann\u00e9es, nous avons \u00e9tabli de nouvelles normes dans l'industrie des tentes. Alors que nous regardons vers l'avenir, nous sommes impatients de relever de nouveaux d\u00e9fis et de r\u00e9aliser de plus grandes r\u00e9ussites aux \u00c9mirats Arabes Unis (EAU), en Arabie Saoudite (KSA) et dans toute la r\u00e9gion du CCG.<\/span><\/p><p><span style=\"color: #ffffff; font-size: 14pt;\">Nous restons d\u00e9termin\u00e9s \u00e0 d\u00e9passer les attentes et \u00e0 perp\u00e9tuer notre h\u00e9ritage d'excellence dans chaque tente que nous concevons.<\/span><\/p>\t\t\t\t\t\t<\/div>\n\t\t\t\t<\/div>\n\t\t\t\t\t\t<\/div>\r\n\t\t\t\t<\/div>\r\n\t\t\t\t\t\t\t\t<\/div>\r\n\t\t\t<\/section>\r\n\t\t\t\t\t<div class=\"elementor-section elementor-top-section elementor-element elementor-element-eb251d9 elementor-section-boxed elementor-section-height-default elementor-section-height-default\" data-id=\"eb251d9\" data-element_type=\"section\">\r\n\t\t\t\t\t\t\t\t<div class=\"elementor-container elementor-column-gap-default\">\r\n\t\t\t\t\r\n\t\t\t\t\t\t\t\t<div class=\"elementor-column elementor-col-100 elementor-top-column elementor-element elementor-element-d182230\" data-id=\"d182230\" data-element_type=\"column\">\r\n\r\n\t\t\t\t\r\n\t\t\t\t<div class=\"elementor-widget-wrap elementor-element-populated\">\r\n\t\t\t\t\t\t\t\t\t\t\r\n\t\t\t\t\t\t<div class=\"elementor-element elementor-element-6b9f33b mx-auto elementor-widget__width-initial elementor-invisible elementor-widget elementor-widget-heading\" data-id=\"6b9f33b\" data-element_type=\"widget\" data-settings=\"{&quot;_animation&quot;:&quot;fadeInUpShorter&quot;,&quot;_animation_delay&quot;:400}\" data-widget_type=\"heading.default\">\n\t\t\t\t<div class=\"elementor-widget-container\">\n\t\t\t<h2 class=\"elementor-heading-title elementor-size-default\">POURQUOI NOUS CHOISIR<\/h2>\t\t<\/div>\n\t\t\t\t<\/div>\n\t\t\t\t<div class=\"elementor-element elementor-element-695966c elementor-invisible elementor-widget elementor-widget-udesign_widget_counters\" data-id=\"695966c\" data-element_type=\"widget\" data-settings=\"{&quot;_animation&quot;:&quot;fadeIn&quot;,&quot;_animation_delay&quot;:800}\" data-widget_type=\"udesign_widget_counters.default\">\n\t\t\t\t<div class=\"elementor-widget-container\">\n\t\t\t<div class=\"counters slider-wrapper  row cols-lg-3 cols-md-2 cols-sm-2 cols-1\"  data-slider-options=\"{&quot;spaceBetween&quot;:30,&quot;pagination&quot;:true,&quot;effect&quot;:&quot;slide&quot;,&quot;slidesPerView&quot;:3,&quot;breakpoints&quot;:{&quot;992&quot;:{&quot;slidesPerView&quot;:3},&quot;768&quot;:{&quot;slidesPerView&quot;:2},&quot;576&quot;:{&quot;slidesPerView&quot;:2},&quot;0&quot;:{&quot;slidesPerView&quot;:1}},&quot;statusClass&quot;:&quot;slider-dots-dark slider-dots-outer slider-shadow&quot;}\"><div class=\"grid-col\"><div class=\"counter\"><div class=\"counter-number\"><span class=\"count-to\" data-speed=\"3000\" data-to=\"30\">0<\/span><span class=\"counter-number-suffix\">+<\/span><\/div><div class=\"counter-content\"><h3 class=\"count-title\">Ann\u00e9es d'exp\u00e9rience<\/h3><p class=\"count-desc\">Nous avons \u00e9t\u00e9 cr\u00e9\u00e9s il y a plus de 25 ans et nous restons toujours au top.<\/p><\/div><\/div><\/div><div class=\"grid-col\"><div class=\"counter\"><div class=\"counter-number\"><span class=\"count-to\" data-speed=\"3000\" data-to=\"3000\">0<\/span><span class=\"counter-number-suffix\">+<\/span><\/div><div class=\"counter-content\"><h3 class=\"count-title\">Clients satisfaits<\/h3><p class=\"count-desc\">Nous avons de nombreux clients fid\u00e8les qui\nnous devons nous faire confiance en tant que partenaire solide<\/p><\/div><\/div><\/div><div class=\"grid-col\"><div class=\"counter\"><div class=\"counter-number\"><span class=\"count-to\" data-speed=\"3000\" data-to=\"6000\">0<\/span><span class=\"counter-number-suffix\">+<\/span><\/div><div class=\"counter-content\"><h3 class=\"count-title\">Projets r\u00e9alis\u00e9s<\/h3><p class=\"count-desc\">Rejoignez les plus de 6 000 utilisateurs satisfaits et d\u00e9couvrez pourquoi nous existons depuis si longtemps.<\/p><\/div><\/div><\/div><\/div>\t\t<\/div>\n\t\t\t\t<\/div>\n\t\t\t\t\t\t<\/div>\r\n\t\t\t\t<\/div>\r\n\t\t\t\t\t\t\t\t<\/div>\r\n\t\t\t<\/div>\r\n\t\t\t\t\t<div class=\"elementor-section elementor-top-section elementor-element elementor-element-361fee8 elementor-section-full_width elementor-section-content-middle mb-10 elementor-hidden-desktop elementor-hidden-laptop elementor-hidden-tablet_extra elementor-hidden-tablet elementor-hidden-mobile elementor-section-height-default elementor-section-height-default\" data-id=\"361fee8\" data-element_type=\"section\" data-settings=\"{&quot;background_background&quot;:&quot;classic&quot;}\">\r\n\t\t\t\t\t\t\t\t<div class=\"elementor-container elementor-column-gap-no\">\r\n\t\t\t\t\r\n\t\t\t\t\t\t\t<!-- Start .elementor-column -->\r\n\t\t\t<div class=\"elementor-column elementor-col-50 elementor-top-column elementor-element elementor-element-ea896a5\" data-id=\"ea896a5\" data-element_type=\"column\">\r\n\t\t\t\t\t\t\t<!-- Start .elementor-column-wrap(optimize mode => .elementor-widget-wrap) -->\r\n\t\t\t<div class=\"elementor-widget-wrap elementor-element-populated col-half-section col-half-section-right  col-half-section-tablet\">\r\n\t\t\t\t\t\t\t\t\t\t\t\t\t\t<div class=\"elementor-element elementor-element-a38da4f elementor-invisible elementor-widget elementor-widget-heading\" data-id=\"a38da4f\" data-element_type=\"widget\" data-settings=\"{&quot;_animation&quot;:&quot;fadeInDownShorter&quot;}\" data-widget_type=\"heading.default\">\n\t\t\t\t<div class=\"elementor-widget-container\">\n\t\t\t<h5 class=\"elementor-heading-title elementor-size-default\">MESSAGE DU PDG<\/h5>\t\t<\/div>\n\t\t\t\t<\/div>\n\t\t\t\t<div class=\"elementor-element elementor-element-87f4639 elementor-invisible elementor-widget elementor-widget-heading\" data-id=\"87f4639\" data-element_type=\"widget\" data-settings=\"{&quot;_animation&quot;:&quot;fadeInDownShorter&quot;,&quot;_animation_delay&quot;:400}\" data-widget_type=\"heading.default\">\n\t\t\t\t<div class=\"elementor-widget-container\">\n\t\t\t<h2 class=\"elementor-heading-title elementor-size-default\">Salutations<\/h2>\t\t<\/div>\n\t\t\t\t<\/div>\n\t\t\t\t<div class=\"elementor-element elementor-element-9de5317 elementor-widget__width-initial elementor-widget elementor-widget-text-editor\" data-id=\"9de5317\" data-element_type=\"widget\" data-widget_type=\"text-editor.default\">\n\t\t\t\t<div class=\"elementor-widget-container\">\n\t\t\t\t\t\t\t<p><span style=\"color: #ffffff; font-size: 14pt;\">Chez Bait Al Nokhada, nous marions fi\u00e8rement le style moderne \u00e0 nos riches traditions royales. Chaque produit que nous concevons est inspir\u00e9 par la tradition, refl\u00e9tant notre engagement envers les produits de haute qualit\u00e9 et les tentes haut de gamme qui \u00e9tablissent la r\u00e9f\u00e9rence dans l'industrie des tentes.<\/span><\/p><p><span style=\"color: #ffffff; font-size: 14pt;\">Notre mission est simple : livrer des tentes de luxe et des structures d'ombrage qui allient \u00e9l\u00e9gance, durabilit\u00e9 et innovation. Au fil des ann\u00e9es, nous avons \u00e9tabli de nouvelles normes dans l'industrie des tentes. Alors que nous regardons vers l'avenir, nous sommes impatients de relever de nouveaux d\u00e9fis et de r\u00e9aliser de plus grandes r\u00e9ussites aux \u00c9mirats Arabes Unis (EAU), en Arabie Saoudite (KSA) et dans toute la r\u00e9gion du CCG.<\/span><\/p><p><span style=\"color: #ffffff; font-size: 14pt;\">Nous restons d\u00e9termin\u00e9s \u00e0 d\u00e9passer les attentes et \u00e0 perp\u00e9tuer notre h\u00e9ritage d'excellence dans chaque tente que nous concevons.<\/span><\/p>\t\t\t\t\t\t<\/div>\n\t\t\t\t<\/div>\n\t\t\t\t\t\t<\/div>\r\n\t\t\t\t<\/div>\r\n\t\t\t\t\t\t\t\t\t<div class=\"elementor-column elementor-col-50 elementor-top-column elementor-element elementor-element-31050b6\" data-id=\"31050b6\" data-element_type=\"column\">\r\n\r\n\t\t\t\t\r\n\t\t\t\t<div class=\"elementor-widget-wrap\">\r\n\t\t\t\t\t\t\t\t\t\t\r\n\t\t\t\t\t\t\t\t<\/div>\r\n\t\t\t\t<\/div>\r\n\t\t\t\t\t\t\t\t<\/div>\r\n\t\t\t<\/div>\r\n\t\t\t\t\t\t\t\t<\/div>","protected":false},"excerpt":{"rendered":"<p>ABOUT BAIT Al NOKHADA Your Trusted Tent Supplier in UAE &amp; Saudi Arabia For over 30 years, Bait Al Nokhada Industries has been a trusted tent supplier in UAE and Saudi Arabia, serving the GCC region with premium tenting systems and custom aluminum structures. As a leading tent manufacturer in Dubai, we deliver durable, innovative, [&hellip;]<\/p>","protected":false},"author":1,"featured_media":11046,"parent":0,"menu_order":0,"comment_status":"closed","ping_status":"closed","template":"","meta":{"_acf_changed":false,"_editorskit_title_hidden":false,"_editorskit_reading_time":0,"_editorskit_is_block_options_detached":false,"_editorskit_block_options_position":"{}","_joinchat":[],"footnotes":""},"class_list":["post-1006","page","type-page","status-publish","has-post-thumbnail","hentry"],"acf":[],"_links":{"self":[{"href":"https:\/\/baitalnokhada.com\/fr\/wp-json\/wp\/v2\/pages\/1006","targetHints":{"allow":["GET"]}}],"collection":[{"href":"https:\/\/baitalnokhada.com\/fr\/wp-json\/wp\/v2\/pages"}],"about":[{"href":"https:\/\/baitalnokhada.com\/fr\/wp-json\/wp\/v2\/types\/page"}],"author":[{"embeddable":true,"href":"https:\/\/baitalnokhada.com\/fr\/wp-json\/wp\/v2\/users\/1"}],"replies":[{"embeddable":true,"href":"https:\/\/baitalnokhada.com\/fr\/wp-json\/wp\/v2\/comments?post=1006"}],"version-history":[{"count":43,"href":"https:\/\/baitalnokhada.com\/fr\/wp-json\/wp\/v2\/pages\/1006\/revisions"}],"predecessor-version":[{"id":13023,"href":"https:\/\/baitalnokhada.com\/fr\/wp-json\/wp\/v2\/pages\/1006\/revisions\/13023"}],"wp:featuredmedia":[{"embeddable":true,"href":"https:\/\/baitalnokhada.com\/fr\/wp-json\/wp\/v2\/media\/11046"}],"wp:attachment":[{"href":"https:\/\/baitalnokhada.com\/fr\/wp-json\/wp\/v2\/media?parent=1006"}],"curies":[{"name":"wp","href":"https:\/\/api.w.org\/{rel}","templated":true}]}}